{"id":6,"date":"2024-01-02T17:10:07","date_gmt":"2024-01-02T16:10:07","guid":{"rendered":"https:\/\/websculptor.desroches.me\/?page_id=6"},"modified":"2024-01-02T23:53:58","modified_gmt":"2024-01-02T22:53:58","slug":"accueil","status":"publish","type":"page","link":"https:\/\/websculptor.desroches.me\/","title":{"rendered":"Accueil"},"content":{"rendered":"\n<div class=\"wp-block-cover alignfull\" style=\"min-height:720px;aspect-ratio:unset;\"><span aria-hidden=\"true\" class=\"wp-block-cover__background has-background-dim-100 has-background-dim has-background-gradient has-midnight-gradient-background\"><\/span><div class=\"wp-block-cover__inner-container is-layout-flow wp-block-cover-is-layout-flow\">\n<div class=\"inherit-container-width wp-block-group alignwide is-layout-constrained wp-block-group-is-layout-constrained\">\n<div class=\"wp-block-media-text alignwide is-stacked-on-mobile is-vertically-aligned-center\" style=\"grid-template-columns:43% auto\"><figure class=\"wp-block-media-text__media\"><img decoding=\"async\" src=\"https:\/\/websculptor.desroches.me\/wp-content\/themes\/astra\/inc\/assets\/images\/starter-content\/hero-img.svg\" alt=\"\" class=\"wp-image-118 size-full\"\/><\/figure><div class=\"wp-block-media-text__content\">\n<h1 class=\"wp-block-heading has-text-align-left has-white-color has-text-color has-x-large-font-size\">Avec&nbsp;<strong>Web Sculptor<\/strong>&nbsp;<strong>forgez une pr\u00e9sence web robuste et intelligente<\/strong><\/h1>\n\n\n\n<p><strong>Votre Partenaire Technologique pour une Pr\u00e9sence Web Impactante et une Analyse de Donn\u00e9es Avanc\u00e9e<\/strong><\/p>\n\n\n\n<div class=\"wp-block-buttons is-layout-flex wp-block-buttons-is-layout-flex\">\n<div class=\"wp-block-button\"><a class=\"wp-block-button__link wp-element-button\" href=\"#services\">Consultez nos services<\/a><\/div>\n<\/div>\n<\/div><\/div>\n<\/div>\n<\/div><\/div>\n\n\n\n<p class=\"wp-block-typeform-embed-plugin\"><a data-tf-popup=\"dLNQmWkd\" data-tf-medium=\"embed-wordpress\" data-tf-hide-headers=\"\" data-tf-opacity=\"100\" data-tf-width=\"100%\" data-tf-height=\"100px\" data-tf-open=\"scroll\" data-tf-open-value=\"80\" data-tf-size=\"70\" style=\"all:unset\"><\/a><script src=\"\/\/embed.typeform.com\/next\/embed.js\"><\/script><\/p>\n\n\n\n<div class=\"wp-block-group alignfull has-ast-global-color-5-background-color has-background is-layout-constrained wp-container-core-group-is-layout-c1a59e8c wp-block-group-is-layout-constrained\" id=\"about\" style=\"padding-top:27px;padding-bottom:0px\">\n<div class=\"wp-block-media-text has-media-on-the-right is-stacked-on-mobile is-vertically-aligned-center\"><div class=\"wp-block-media-text__content\">\n<div class=\"inherit-container-width wp-block-group is-layout-constrained wp-container-core-group-is-layout-47ce07ec wp-block-group-is-layout-constrained\" style=\"padding-right:80px\">\n<h2 class=\"wp-block-heading\" style=\"padding-right:40px\">\u00c0 Propos de Web Sculptor<\/h2>\n\n\n\n<p><strong>Innovation et Excellence en D\u00e9veloppement Web et Analyse de Donn\u00e9es<\/strong><\/p>\n\n\n\n<p>Bienvenue chez Web Sculptor. Nous combinons technologie de pointe et intelligence des donn\u00e9es pour cr\u00e9er des sites web esth\u00e9tiques, performants et enrichis d\u2019analyses pr\u00e9cises. Notre objectif ? Transformer vos id\u00e9es en solutions num\u00e9riques impactantes pour une prise de d\u00e9cision \u00e9clair\u00e9e.<\/p>\n<\/div>\n<\/div><figure class=\"wp-block-media-text__media\"><img decoding=\"async\" src=\"https:\/\/websculptor.desroches.me\/wp-content\/themes\/astra\/inc\/assets\/images\/starter-content\/about-us.jpg\" alt=\"\" class=\"wp-image-237 size-full\"\/><\/figure><\/div>\n\n\n\n<div class=\"wp-block-columns is-layout-flex wp-container-core-columns-is-layout-28f84493 wp-block-columns-is-layout-flex\">\n<div class=\"wp-block-column is-layout-flow wp-block-column-is-layout-flow\">\n<h2 class=\"wp-block-heading\">Notre mission \ud83c\udfaf<\/h2>\n\n\n\n<h3 class=\"wp-block-heading\"><strong>Des Solutions Web Avanc\u00e9es, Aliment\u00e9es par l\u2019Analyse de Donn\u00e9es<\/strong><\/h3>\n\n\n\n<p>Notre mission est de fournir des exp\u00e9riences web uniques, soutenues par des analyses de donn\u00e9es puissantes. Nous visons l\u2019excellence, l\u2019innovation et la clart\u00e9 pour propulser votre entreprise vers l\u2019avant-garde num\u00e9rique.<\/p>\n\n\n\n<h2 class=\"wp-block-heading\"><br><\/h2>\n<\/div>\n\n\n\n<div class=\"wp-block-column is-layout-flow wp-block-column-is-layout-flow\">\n<h2 class=\"wp-block-heading\">Notre \u00e9quipe \ud83e\uddd1\u200d\ud83d\udcbb<\/h2>\n\n\n\n<h3 class=\"wp-block-heading\"><strong>Un Collectif de Talents pour Forger Votre Pr\u00e9sence en Ligne<\/strong><br><\/h3>\n\n\n\n<p>Notre \u00e9quipe est un assemblage de cr\u00e9ateurs, de techniciens et d\u2019analystes, tous unis pour donner vie \u00e0 vos visions num\u00e9riques. Ensemble, nous fa\u00e7onnons des solutions web qui d\u00e9finissent et propulsent votre marque.<\/p>\n<\/div>\n<\/div>\n<\/div>\n\n\n\n<div class=\"wp-block-group alignfull is-layout-constrained wp-container-core-group-is-layout-b6ff5767 wp-block-group-is-layout-constrained\" id=\"services\" style=\"padding-top:70px;padding-bottom:0px\">\n<h2 class=\"wp-block-heading\">Nos Services<\/h2>\n\n\n\n<div class=\"wp-block-columns is-layout-flex wp-container-core-columns-is-layout-60cbf9bb wp-block-columns-is-layout-flex\" style=\"margin-top:50px\">\n<div class=\"wp-block-column is-layout-flow wp-container-core-column-is-layout-6b73ce23 wp-block-column-is-layout-flow\">\n<figure class=\"wp-block-image size-full\"><img decoding=\"async\" src=\"https:\/\/websculptor.desroches.me\/wp-content\/themes\/astra\/inc\/assets\/images\/starter-content\/branding.jpg\" alt=\"\" class=\"wp-image-230\"\/><\/figure>\n\n\n\n<h3 class=\"wp-block-heading\" style=\"margin-top:16px\"><a href=\"https:\/\/websculptor.desroches.me\/index.php\/developpement-web\/\" data-type=\"link\" data-id=\"https:\/\/websculptor.desroches.me\/index.php\/developpement-web\/\">D\u00e9veloppement Web<\/a><\/h3>\n\n\n\n<p><strong>D\u00e9tails sur nos services de d\u00e9veloppement web personnalis\u00e9, y compris responsive design.<\/strong><\/p>\n\n\n\n<p><a href=\"https:\/\/websculptor.desroches.me\/?page_id=75\">En savoir <\/a><a href=\"https:\/\/websculptor.desroches.me\/index.php\/developpement-web\/\">plus<\/a><\/p>\n<\/div>\n\n\n\n<div class=\"wp-block-column is-layout-flow wp-container-core-column-is-layout-6b73ce23 wp-block-column-is-layout-flow\">\n<figure class=\"wp-block-image size-full\"><img decoding=\"async\" src=\"https:\/\/websculptor.desroches.me\/wp-content\/themes\/astra\/inc\/assets\/images\/starter-content\/graphic.jpg\" alt=\"\" class=\"wp-image-232\"\/><\/figure>\n\n\n\n<h3 class=\"wp-block-heading\" style=\"margin-top:16px\"><strong><a href=\"https:\/\/websculptor.desroches.me\/index.php\/intelligence-des-donnees-avec-powerbi\/\">Intelligence des Donn\u00e9es<\/a><\/strong><\/h3>\n\n\n\n<p><strong>Services d\u2019analyse de donn\u00e9es avanc\u00e9e, cr\u00e9ation de tableaux de bord et de visualisations.<\/strong><\/p>\n\n\n\n<p><a href=\"https:\/\/websculptor.desroches.me\/?page_id=75\">En savoir plus<\/a><\/p>\n<\/div>\n\n\n\n<div class=\"wp-block-column is-layout-flow wp-container-core-column-is-layout-6b73ce23 wp-block-column-is-layout-flow\">\n<figure class=\"wp-block-image size-full\"><img decoding=\"async\" src=\"https:\/\/websculptor.desroches.me\/wp-content\/themes\/astra\/inc\/assets\/images\/starter-content\/web.jpg\" alt=\"\" class=\"wp-image-231\"\/><\/figure>\n\n\n\n<h3 class=\"wp-block-heading\" style=\"margin-top:16px\"><a href=\"https:\/\/websculptor.desroches.me\/index.php\/support-technique\/\">Support Technique<\/a><\/h3>\n\n\n\n<p><strong>Maintenance et support apr\u00e8s lancement<\/strong><\/p>\n\n\n\n<p> <\/p>\n\n\n\n<p><a href=\"https:\/\/websculptor.desroches.me\/index.php\/support-technique\/\">En savoir plus<\/a><\/p>\n<\/div>\n<\/div>\n<\/div>\n\n\n\n<div class=\"wp-block-group alignfull is-layout-constrained wp-block-group-is-layout-constrained\" id=\"Portfolio\">\n<div class=\"wp-block-group alignfull is-layout-constrained wp-block-group-is-layout-constrained\">\n<div class=\"wp-block-group alignfull has-ast-global-color-5-background-color has-background is-layout-constrained wp-container-core-group-is-layout-bc3dc461 wp-block-group-is-layout-constrained\" style=\"margin-top:var(--wp--preset--spacing--30);margin-bottom:var(--wp--preset--spacing--30);padding-bottom:0px\">\n<h2 class=\"wp-block-heading\">Portfolio<\/h2>\n\n\n\n<p><strong>Vitrine de nos r\u00e9alisations en d\u00e9veloppement web et analyses PowerBI<\/strong><\/p>\n\n\n\n<div class=\"wp-block-group is-layout-constrained wp-block-group-is-layout-constrained\">\n<div class=\"wp-block-columns are-vertically-aligned-top is-layout-flex wp-container-core-columns-is-layout-00723822 wp-block-columns-is-layout-flex\">\n<div class=\"wp-block-column is-vertically-aligned-top is-layout-flow wp-container-core-column-is-layout-6b73ce23 wp-block-column-is-layout-flow\">\n<figure class=\"wp-block-image size-large\"><img decoding=\"async\" src=\"https:\/\/websculptor.desroches.me\/wp-content\/themes\/astra\/inc\/assets\/images\/starter-content\/building.svg\" alt=\"\" class=\"wp-image-134\"\/><\/figure>\n\n\n\n<h3 class=\"wp-block-heading has-text-align-left\" style=\"margin-top:16px\">Sites web<\/h3>\n\n\n\n<p class=\"has-text-align-left\">Modernisation de site web en avec un design intuitif et des fonctionnalit\u00e9s s\u00e9curis\u00e9s.<\/p>\n<\/div>\n\n\n\n<div class=\"wp-block-column is-vertically-aligned-top is-layout-flow wp-container-core-column-is-layout-6b73ce23 wp-block-column-is-layout-flow\">\n<figure class=\"wp-block-image size-large\"><img decoding=\"async\" src=\"https:\/\/websculptor.desroches.me\/wp-content\/themes\/astra\/inc\/assets\/images\/starter-content\/shopping-bag.svg\" alt=\"\" class=\"wp-image-135\"\/><\/figure>\n\n\n\n<h3 class=\"wp-block-heading has-text-align-left\" style=\"margin-top:16px\">Dashboard Data<\/h3>\n\n\n\n<p class=\"has-text-align-left\">D\u00e9veloppement d\u2019application pour visualiser et analyser les donn\u00e9es, am\u00e9liorant la prise de d\u00e9cision.<\/p>\n<\/div>\n\n\n\n<div class=\"wp-block-column is-vertically-aligned-top is-layout-flow wp-container-core-column-is-layout-6b73ce23 wp-block-column-is-layout-flow\">\n<figure class=\"wp-block-image size-large\"><img decoding=\"async\" src=\"https:\/\/websculptor.desroches.me\/wp-content\/themes\/astra\/inc\/assets\/images\/starter-content\/blog.svg\" alt=\"\" class=\"wp-image-136\"\/><\/figure>\n\n\n\n<h3 class=\"wp-block-heading has-text-align-left\" style=\"margin-top:16px\">Blog<\/h3>\n\n\n\n<p class=\"has-text-align-left\">Lorem ipsum dolor consectetur adipiscing elit eiusmod.<\/p>\n<\/div>\n\n\n\n<div class=\"wp-block-column is-vertically-aligned-top is-layout-flow wp-container-core-column-is-layout-6b73ce23 wp-block-column-is-layout-flow\">\n<figure class=\"wp-block-image size-large\"><img decoding=\"async\" src=\"https:\/\/websculptor.desroches.me\/wp-content\/themes\/astra\/inc\/assets\/images\/starter-content\/portfolio.svg\" alt=\"\" class=\"wp-image-137\"\/><\/figure>\n\n\n\n<h3 class=\"wp-block-heading has-text-align-left\" style=\"margin-top:16px\">Portfolio<\/h3>\n\n\n\n<p class=\"has-text-align-left\">Lorem ipsum dolor consectetur adipiscing elit eiusmod.<\/p>\n<\/div>\n<\/div>\n\n\n\n<div class=\"wp-block-buttons is-content-justification-center is-layout-flex wp-container-core-buttons-is-layout-a89b3969 wp-block-buttons-is-layout-flex\">\n<div class=\"wp-block-button\"><a class=\"wp-block-button__link wp-element-button\" href=\"https:\/\/websculptor.desroches.me\/index.php\/portfolio\/\"><strong>Consultez notre portfolio<\/strong><\/a><\/div>\n<\/div>\n<\/div>\n<\/div>\n<\/div>\n<\/div>\n\n\n\n<div class=\"wp-block-group alignfull has-midnight-gradient-background has-background is-layout-constrained wp-container-core-group-is-layout-fe1ae75a wp-block-group-is-layout-constrained\" id=\"contact\" style=\"padding-top:49px;padding-bottom:49px\">\n<div class=\"wp-block-group alignfull is-layout-constrained wp-block-group-is-layout-constrained\">\n<h2 class=\"wp-block-heading has-text-align-center has-text-color has-x-large-font-size\" style=\"color:#ffffff;margin-top:var(--wp--preset--spacing--30);margin-bottom:var(--wp--preset--spacing--30)\">Contactez nous<\/h2>\n\n\n\n<div class=\"wp-block-columns alignfull has-x-large-font-size is-layout-flex wp-container-core-columns-is-layout-f0342b05 wp-block-columns-is-layout-flex\" style=\"border-style:none;border-width:0px;border-radius:0px;margin-top:0;margin-bottom:0\">\n<div class=\"wp-block-column is-layout-flow wp-block-column-is-layout-flow\">\n<h4 class=\"wp-block-heading has-text-align-center has-ast-global-color-4-color has-text-color has-link-color has-large-font-size wp-elements-e324deb443843c371a9b12b64abbf804\">Coordonn\u00e9es<\/h4>\n\n\n\n<p class=\"has-ast-global-color-5-color has-text-color has-link-color has-medium-font-size wp-elements-40b0e0cc307e08701b8bb201f8d0a316\"><strong><a href=\"mailto:contact@websculptor.fr\">contact@websculptor.fr<\/a><\/strong><\/p>\n\n\n\n<p><\/p>\n\n\n\n<p class=\"has-medium-font-size\">Lorem ipsum dolor consectetur adipiscing elit eiusmod.<br><\/p>\n<\/div>\n\n\n\n<div class=\"wp-block-column is-layout-flow wp-block-column-is-layout-flow\">\n<h4 class=\"wp-block-heading has-text-align-center has-ast-global-color-4-color has-text-color has-link-color has-large-font-size wp-elements-e3f7122e662e708f32ce67b69665e081\">Formulaire de contact<\/h4>\n\n\n\n<div class=\"wp-block-typeform-embed-plugin\"><div data-tf-widget=\"dLNQmWkd\" data-tf-medium=\"embed-wordpress\" data-tf-opacity=\"100\" data-tf-width=\"100%\" data-tf-height=\"400px\" style=\"width:100%;height:400px\"><\/div><script src=\"\/\/embed.typeform.com\/next\/embed.js\"><\/script><\/div>\n<\/div>\n<\/div>\n<\/div>\n<\/div>\n","protected":false},"excerpt":{"rendered":"<p>\u00c0 Propos de Web Sculptor Innovation et Excellence en D\u00e9veloppement Web et Analyse de Donn\u00e9es Bienvenue chez Web Sculptor. Nous combinons technologie de pointe et intelligence des donn\u00e9es pour cr\u00e9er des sites web esth\u00e9tiques, performants et enrichis d\u2019analyses pr\u00e9cises. Notre objectif ? Transformer vos id\u00e9es en solutions num\u00e9riques impactantes pour une prise de d\u00e9cision \u00e9clair\u00e9e. [&hellip;]<\/p>\n","protected":false},"author":1,"featured_media":0,"parent":0,"menu_order":0,"comment_status":"closed","ping_status":"closed","template":"","meta":{"site-sidebar-layout":"no-sidebar","site-content-layout":"plain-container","ast-site-content-layout":"default","site-content-style":"default","site-sidebar-style":"default","ast-global-header-display":"","ast-banner-title-visibility":"","ast-main-header-display":"","ast-hfb-above-header-display":"","ast-hfb-below-header-display":"","ast-hfb-mobile-header-display":"","site-post-title":"disabled","ast-breadcrumbs-content":"","ast-featured-img":"","footer-sml-layout":"","ast-disable-related-posts":"","theme-transparent-header-meta":"enabled","adv-header-id-meta":"","stick-header-meta":"","header-above-stick-meta":"","header-main-stick-meta":"","header-below-stick-meta":"","astra-migrate-meta-layouts":"default","ast-page-background-enabled":"default","ast-page-background-meta":{"desktop":{"background-color":"var(--ast-global-color-4)","background-image":"","background-repeat":"repeat","background-position":"center center","background-size":"auto","background-attachment":"scroll","background-type":"","background-media":"","overlay-type":"","overlay-color":"","overlay-opacity":"","overlay-gradient":""},"tablet":{"background-color":"","background-image":"","background-repeat":"repeat","background-position":"center center","background-size":"auto","background-attachment":"scroll","background-type":"","background-media":"","overlay-type":"","overlay-color":"","overlay-opacity":"","overlay-gradient":""},"mobile":{"background-color":"","background-image":"","background-repeat":"repeat","background-position":"center center","background-size":"auto","background-attachment":"scroll","background-type":"","background-media":"","overlay-type":"","overlay-color":"","overlay-opacity":"","overlay-gradient":""}},"ast-content-background-meta":{"desktop":{"background-color":"var(--ast-global-color-5)","background-image":"","background-repeat":"repeat","background-position":"center center","background-size":"auto","background-attachment":"scroll","background-type":"","background-media":"","overlay-type":"","overlay-color":"","overlay-opacity":"","overlay-gradient":""},"tablet":{"background-color":"var(--ast-global-color-5)","background-image":"","background-repeat":"repeat","background-position":"center center","background-size":"auto","background-attachment":"scroll","background-type":"","background-media":"","overlay-type":"","overlay-color":"","overlay-opacity":"","overlay-gradient":""},"mobile":{"background-color":"var(--ast-global-color-5)","background-image":"","background-repeat":"repeat","background-position":"center center","background-size":"auto","background-attachment":"scroll","background-type":"","background-media":"","overlay-type":"","overlay-color":"","overlay-opacity":"","overlay-gradient":""}},"footnotes":""},"class_list":["post-6","page","type-page","status-publish","hentry"],"yoast_head":"<!-- This site is optimized with the Yoast SEO plugin v23.5 - https:\/\/yoast.com\/wordpress\/plugins\/seo\/ -->\n<title>Accueil - WebSculptor<\/title>\n<meta name=\"description\" content=\"Partenaire Technologique pour une Pr\u00e9sence Web Impactante et une Analyse de Donn\u00e9es Avanc\u00e9e\" \/>\n<meta name=\"robots\" content=\"index, follow, max-snippet:-1, max-image-preview:large, max-video-preview:-1\" \/>\n<link rel=\"canonical\" href=\"https:\/\/websculptor.desroches.me\/\" \/>\n<meta property=\"og:locale\" content=\"en_US\" \/>\n<meta property=\"og:type\" content=\"article\" \/>\n<meta property=\"og:title\" content=\"Accueil - WebSculptor\" \/>\n<meta property=\"og:description\" content=\"Partenaire Technologique pour une Pr\u00e9sence Web Impactante et une Analyse de Donn\u00e9es Avanc\u00e9e\" \/>\n<meta property=\"og:url\" content=\"https:\/\/websculptor.desroches.me\/\" \/>\n<meta property=\"og:site_name\" content=\"WebSculptor\" \/>\n<meta property=\"article:modified_time\" content=\"2024-01-02T22:53:58+00:00\" \/>\n<meta property=\"og:image\" content=\"https:\/\/websculptor.desroches.me\/wp-content\/themes\/astra\/inc\/assets\/images\/starter-content\/hero-img.svg\" \/>\n<meta name=\"twitter:card\" content=\"summary_large_image\" \/>\n<meta name=\"twitter:label1\" content=\"Est. reading time\" \/>\n\t<meta name=\"twitter:data1\" content=\"4 minutes\" \/>\n<script type=\"application\/ld+json\" class=\"yoast-schema-graph\">{\"@context\":\"https:\/\/schema.org\",\"@graph\":[{\"@type\":\"WebPage\",\"@id\":\"https:\/\/websculptor.desroches.me\/\",\"url\":\"https:\/\/websculptor.desroches.me\/\",\"name\":\"Accueil - WebSculptor\",\"isPartOf\":{\"@id\":\"https:\/\/websculptor.desroches.me\/#website\"},\"primaryImageOfPage\":{\"@id\":\"https:\/\/websculptor.desroches.me\/#primaryimage\"},\"image\":{\"@id\":\"https:\/\/websculptor.desroches.me\/#primaryimage\"},\"thumbnailUrl\":\"https:\/\/websculptor.desroches.me\/wp-content\/themes\/astra\/inc\/assets\/images\/starter-content\/hero-img.svg\",\"datePublished\":\"2024-01-02T16:10:07+00:00\",\"dateModified\":\"2024-01-02T22:53:58+00:00\",\"description\":\"Partenaire Technologique pour une Pr\u00e9sence Web Impactante et une Analyse de Donn\u00e9es Avanc\u00e9e\",\"breadcrumb\":{\"@id\":\"https:\/\/websculptor.desroches.me\/#breadcrumb\"},\"inLanguage\":\"en-US\",\"potentialAction\":[{\"@type\":\"ReadAction\",\"target\":[\"https:\/\/websculptor.desroches.me\/\"]}]},{\"@type\":\"ImageObject\",\"inLanguage\":\"en-US\",\"@id\":\"https:\/\/websculptor.desroches.me\/#primaryimage\",\"url\":\"\",\"contentUrl\":\"\"},{\"@type\":\"BreadcrumbList\",\"@id\":\"https:\/\/websculptor.desroches.me\/#breadcrumb\",\"itemListElement\":[{\"@type\":\"ListItem\",\"position\":1,\"name\":\"Accueil\",\"item\":\"https:\/\/websculptor.desroches.me\/\"},{\"@type\":\"ListItem\",\"position\":2,\"name\":\"Accueil\"}]},{\"@type\":\"WebSite\",\"@id\":\"https:\/\/websculptor.desroches.me\/#website\",\"url\":\"https:\/\/websculptor.desroches.me\/\",\"name\":\"WebSculptor\",\"description\":\"\",\"publisher\":{\"@id\":\"https:\/\/websculptor.desroches.me\/#organization\"},\"potentialAction\":[{\"@type\":\"SearchAction\",\"target\":{\"@type\":\"EntryPoint\",\"urlTemplate\":\"https:\/\/websculptor.desroches.me\/?s={search_term_string}\"},\"query-input\":{\"@type\":\"PropertyValueSpecification\",\"valueRequired\":true,\"valueName\":\"search_term_string\"}}],\"inLanguage\":\"en-US\"},{\"@type\":\"Organization\",\"@id\":\"https:\/\/websculptor.desroches.me\/#organization\",\"name\":\"WebSculptor\",\"url\":\"https:\/\/websculptor.desroches.me\/\",\"logo\":{\"@type\":\"ImageObject\",\"inLanguage\":\"en-US\",\"@id\":\"https:\/\/websculptor.desroches.me\/#\/schema\/logo\/image\/\",\"url\":\"https:\/\/websculptor.desroches.me\/wp-content\/uploads\/2024\/01\/DALL_E_2024-01-02_12.44.50_-_Design_a_rectangular_logo_for_a_technology_and_data_analysis_company_named__Web_Sculptor_._The_logo_should_be_simple_yet_impactful__featuring_the_comp-removebg-preview.png\",\"contentUrl\":\"https:\/\/websculptor.desroches.me\/wp-content\/uploads\/2024\/01\/DALL_E_2024-01-02_12.44.50_-_Design_a_rectangular_logo_for_a_technology_and_data_analysis_company_named__Web_Sculptor_._The_logo_should_be_simple_yet_impactful__featuring_the_comp-removebg-preview.png\",\"width\":500,\"height\":500,\"caption\":\"WebSculptor\"},\"image\":{\"@id\":\"https:\/\/websculptor.desroches.me\/#\/schema\/logo\/image\/\"}}]}<\/script>\n<!-- \/ Yoast SEO plugin. -->","yoast_head_json":{"title":"Accueil - WebSculptor","description":"Partenaire Technologique pour une Pr\u00e9sence Web Impactante et une Analyse de Donn\u00e9es Avanc\u00e9e","robots":{"index":"index","follow":"follow","max-snippet":"max-snippet:-1","max-image-preview":"max-image-preview:large","max-video-preview":"max-video-preview:-1"},"canonical":"https:\/\/websculptor.desroches.me\/","og_locale":"en_US","og_type":"article","og_title":"Accueil - WebSculptor","og_description":"Partenaire Technologique pour une Pr\u00e9sence Web Impactante et une Analyse de Donn\u00e9es Avanc\u00e9e","og_url":"https:\/\/websculptor.desroches.me\/","og_site_name":"WebSculptor","article_modified_time":"2024-01-02T22:53:58+00:00","og_image":[{"url":"https:\/\/websculptor.desroches.me\/wp-content\/themes\/astra\/inc\/assets\/images\/starter-content\/hero-img.svg"}],"twitter_card":"summary_large_image","twitter_misc":{"Est. reading time":"4 minutes"},"schema":{"@context":"https:\/\/schema.org","@graph":[{"@type":"WebPage","@id":"https:\/\/websculptor.desroches.me\/","url":"https:\/\/websculptor.desroches.me\/","name":"Accueil - WebSculptor","isPartOf":{"@id":"https:\/\/websculptor.desroches.me\/#website"},"primaryImageOfPage":{"@id":"https:\/\/websculptor.desroches.me\/#primaryimage"},"image":{"@id":"https:\/\/websculptor.desroches.me\/#primaryimage"},"thumbnailUrl":"https:\/\/websculptor.desroches.me\/wp-content\/themes\/astra\/inc\/assets\/images\/starter-content\/hero-img.svg","datePublished":"2024-01-02T16:10:07+00:00","dateModified":"2024-01-02T22:53:58+00:00","description":"Partenaire Technologique pour une Pr\u00e9sence Web Impactante et une Analyse de Donn\u00e9es Avanc\u00e9e","breadcrumb":{"@id":"https:\/\/websculptor.desroches.me\/#breadcrumb"},"inLanguage":"en-US","potentialAction":[{"@type":"ReadAction","target":["https:\/\/websculptor.desroches.me\/"]}]},{"@type":"ImageObject","inLanguage":"en-US","@id":"https:\/\/websculptor.desroches.me\/#primaryimage","url":"","contentUrl":""},{"@type":"BreadcrumbList","@id":"https:\/\/websculptor.desroches.me\/#breadcrumb","itemListElement":[{"@type":"ListItem","position":1,"name":"Accueil","item":"https:\/\/websculptor.desroches.me\/"},{"@type":"ListItem","position":2,"name":"Accueil"}]},{"@type":"WebSite","@id":"https:\/\/websculptor.desroches.me\/#website","url":"https:\/\/websculptor.desroches.me\/","name":"WebSculptor","description":"","publisher":{"@id":"https:\/\/websculptor.desroches.me\/#organization"},"potentialAction":[{"@type":"SearchAction","target":{"@type":"EntryPoint","urlTemplate":"https:\/\/websculptor.desroches.me\/?s={search_term_string}"},"query-input":{"@type":"PropertyValueSpecification","valueRequired":true,"valueName":"search_term_string"}}],"inLanguage":"en-US"},{"@type":"Organization","@id":"https:\/\/websculptor.desroches.me\/#organization","name":"WebSculptor","url":"https:\/\/websculptor.desroches.me\/","logo":{"@type":"ImageObject","inLanguage":"en-US","@id":"https:\/\/websculptor.desroches.me\/#\/schema\/logo\/image\/","url":"https:\/\/websculptor.desroches.me\/wp-content\/uploads\/2024\/01\/DALL_E_2024-01-02_12.44.50_-_Design_a_rectangular_logo_for_a_technology_and_data_analysis_company_named__Web_Sculptor_._The_logo_should_be_simple_yet_impactful__featuring_the_comp-removebg-preview.png","contentUrl":"https:\/\/websculptor.desroches.me\/wp-content\/uploads\/2024\/01\/DALL_E_2024-01-02_12.44.50_-_Design_a_rectangular_logo_for_a_technology_and_data_analysis_company_named__Web_Sculptor_._The_logo_should_be_simple_yet_impactful__featuring_the_comp-removebg-preview.png","width":500,"height":500,"caption":"WebSculptor"},"image":{"@id":"https:\/\/websculptor.desroches.me\/#\/schema\/logo\/image\/"}}]}},"_hostinger_reach_plugin_has_subscription_block":false,"_hostinger_reach_plugin_is_elementor":false,"_links":{"self":[{"href":"https:\/\/websculptor.desroches.me\/index.php\/wp-json\/wp\/v2\/pages\/6","targetHints":{"allow":["GET"]}}],"collection":[{"href":"https:\/\/websculptor.desroches.me\/index.php\/wp-json\/wp\/v2\/pages"}],"about":[{"href":"https:\/\/websculptor.desroches.me\/index.php\/wp-json\/wp\/v2\/types\/page"}],"author":[{"embeddable":true,"href":"https:\/\/websculptor.desroches.me\/index.php\/wp-json\/wp\/v2\/users\/1"}],"replies":[{"embeddable":true,"href":"https:\/\/websculptor.desroches.me\/index.php\/wp-json\/wp\/v2\/comments?post=6"}],"version-history":[{"count":18,"href":"https:\/\/websculptor.desroches.me\/index.php\/wp-json\/wp\/v2\/pages\/6\/revisions"}],"predecessor-version":[{"id":89,"href":"https:\/\/websculptor.desroches.me\/index.php\/wp-json\/wp\/v2\/pages\/6\/revisions\/89"}],"wp:attachment":[{"href":"https:\/\/websculptor.desroches.me\/index.php\/wp-json\/wp\/v2\/media?parent=6"}],"curies":[{"name":"wp","href":"https:\/\/api.w.org\/{rel}","templated":true}]}}