{"id":34,"date":"2024-01-02T17:33:38","date_gmt":"2024-01-02T16:33:38","guid":{"rendered":"https:\/\/websculptor.desroches.me\/?page_id=34"},"modified":"2024-01-02T18:08:20","modified_gmt":"2024-01-02T17:08:20","slug":"portfolio","status":"publish","type":"page","link":"https:\/\/websculptor.desroches.me\/index.php\/portfolio\/","title":{"rendered":"Notre Portfolio"},"content":{"rendered":"\n<p>D\u00e9couvrez quelques-uns de nos projets les plus r\u00e9ussis.<\/p>\n\n\n<form role=\"search\" method=\"get\" action=\"https:\/\/websculptor.desroches.me\/\" class=\"wp-block-search__button-outside wp-block-search__text-button wp-block-search\"    ><label class=\"wp-block-search__label\" for=\"wp-block-search__input-1\" >Rechercher<\/label><div class=\"wp-block-search__inside-wrapper\" ><input class=\"wp-block-search__input\" id=\"wp-block-search__input-1\" placeholder=\"\" value=\"\" type=\"search\" name=\"s\" required \/><button aria-label=\"Rechercher\" class=\"wp-block-search__button wp-element-button\" type=\"submit\" >Rechercher<\/button><\/div><\/form>\n\n\n<div class=\"wp-block-columns is-layout-flex wp-container-core-columns-is-layout-28f84493 wp-block-columns-is-layout-flex\">\n<div class=\"wp-block-column is-layout-flow wp-block-column-is-layout-flow\">\n<div class=\"wp-block-group is-layout-constrained wp-block-group-is-layout-constrained\">\n<h2 class=\"wp-block-heading\">Agence Marketing<\/h2>\n\n\n\n<figure class=\"wp-block-image size-large\"><img decoding=\"async\" src=\"https:\/\/websculptor.desroches.me\/wp-content\/uploads\/2024\/01\/Capture-decran-2024-01-02-a-15.43.58-1-1024x588.png\" alt=\"\" class=\"wp-image-72\"\/><\/figure>\n<\/div>\n\n\n\n<p>Description br\u00e8ve du projet 1.<\/p>\n\n\n\n<p><a href=\"https:\/\/demositeweb1.websculptor.fr\/\" target=\"_blank\" rel=\"noreferrer noopener\">Voir le Projet<\/a><\/p>\n<\/div>\n\n\n\n<div class=\"wp-block-column is-layout-flow wp-block-column-is-layout-flow\">\n<div class=\"wp-block-group is-layout-constrained wp-block-group-is-layout-constrained\">\n<h2 class=\"wp-block-heading\">Projet <\/h2>\n\n\n\n<h2 class=\"wp-block-heading\">nature<\/h2>\n\n\n\n<figure class=\"wp-block-image size-large\"><img loading=\"lazy\" decoding=\"async\" width=\"1024\" height=\"547\" src=\"https:\/\/websculptor.desroches.me\/wp-content\/uploads\/2024\/01\/Capture-decran-2024-01-02-a-18.07.23-1024x547.png\" alt=\"\" class=\"wp-image-74\" srcset=\"https:\/\/websculptor.desroches.me\/wp-content\/uploads\/2024\/01\/Capture-decran-2024-01-02-a-18.07.23-1024x547.png 1024w, https:\/\/websculptor.desroches.me\/wp-content\/uploads\/2024\/01\/Capture-decran-2024-01-02-a-18.07.23-300x160.png 300w, https:\/\/websculptor.desroches.me\/wp-content\/uploads\/2024\/01\/Capture-decran-2024-01-02-a-18.07.23-768x410.png 768w, https:\/\/websculptor.desroches.me\/wp-content\/uploads\/2024\/01\/Capture-decran-2024-01-02-a-18.07.23-1536x821.png 1536w, https:\/\/websculptor.desroches.me\/wp-content\/uploads\/2024\/01\/Capture-decran-2024-01-02-a-18.07.23-2048x1095.png 2048w\" sizes=\"auto, (max-width: 1024px) 100vw, 1024px\" \/><\/figure>\n<\/div>\n\n\n\n<p>Description br\u00e8ve du projet 1.<\/p>\n\n\n\n<p><a href=\"https:\/\/demositeweb2.websculptor.fr\/\" target=\"_blank\" rel=\"noreferrer noopener\">Voir le Projet<\/a><\/p>\n<\/div>\n\n\n\n<div class=\"wp-block-column is-layout-flow wp-block-column-is-layout-flow\">\n<div class=\"wp-block-group is-layout-constrained wp-block-group-is-layout-constrained\">\n<h2 class=\"wp-block-heading\">Projet<\/h2>\n\n\n<\/div>\n\n\n\n<p>Description br\u00e8ve du projet 1.<\/p>\n\n\n\n<p><a href=\"https:\/\/lien-vers-projet1.com\" target=\"_blank\" rel=\"noreferrer noopener\">Voir le Projet<\/a><\/p>\n<\/div>\n<\/div>\n\n\n\n<div class=\"wp-block-columns is-layout-flex wp-container-core-columns-is-layout-28f84493 wp-block-columns-is-layout-flex\">\n<div class=\"wp-block-column is-layout-flow wp-block-column-is-layout-flow\">\n<div class=\"wp-block-group is-layout-constrained wp-block-group-is-layout-constrained\">\n<h2 class=\"wp-block-heading\">Projet<\/h2>\n\n\n<\/div>\n\n\n\n<p>Description br\u00e8ve du projet 1.<\/p>\n\n\n\n<p><a href=\"https:\/\/lien-vers-projet1.com\" target=\"_blank\" rel=\"noreferrer noopener\">Voir le Projet<\/a><\/p>\n<\/div>\n\n\n\n<div class=\"wp-block-column is-layout-flow wp-block-column-is-layout-flow\">\n<div class=\"wp-block-group is-layout-constrained wp-block-group-is-layout-constrained\">\n<h2 class=\"wp-block-heading\">Projet<\/h2>\n\n\n<\/div>\n\n\n\n<p>Description br\u00e8ve du projet 1.<\/p>\n\n\n\n<p><a href=\"https:\/\/lien-vers-projet1.com\" target=\"_blank\" rel=\"noreferrer noopener\">Voir le Projet<\/a><\/p>\n<\/div>\n\n\n\n<div class=\"wp-block-column is-layout-flow wp-block-column-is-layout-flow\">\n<div class=\"wp-block-group is-layout-constrained wp-block-group-is-layout-constrained\">\n<h2 class=\"wp-block-heading\">Projet<\/h2>\n\n\n<\/div>\n\n\n\n<p>Description br\u00e8ve du projet 1.<\/p>\n\n\n\n<p><a href=\"https:\/\/lien-vers-projet1.com\" target=\"_blank\" rel=\"noreferrer noopener\">Voir le Projet<\/a><\/p>\n<\/div>\n<\/div>\n","protected":false},"excerpt":{"rendered":"<p>D\u00e9couvrez quelques-uns de nos projets les plus r\u00e9ussis. Agence Marketing Description br\u00e8ve du projet 1. Voir le Projet Projet nature Description br\u00e8ve du projet 1. Voir le Projet Projet Description br\u00e8ve du projet 1. Voir le Projet Projet Description br\u00e8ve du projet 1. Voir le Projet Projet Description br\u00e8ve du projet 1. Voir le Projet [&hellip;]<\/p>\n","protected":false},"author":1,"featured_media":0,"parent":0,"menu_order":0,"comment_status":"closed","ping_status":"closed","template":"","meta":{"site-sidebar-layout":"default","site-content-layout":"","ast-site-content-layout":"default","site-content-style":"default","site-sidebar-style":"default","ast-global-header-display":"","ast-banner-title-visibility":"","ast-main-header-display":"","ast-hfb-above-header-display":"","ast-hfb-below-header-display":"","ast-hfb-mobile-header-display":"","site-post-title":"","ast-breadcrumbs-content":"","ast-featured-img":"","footer-sml-layout":"","ast-disable-related-posts":"","theme-transparent-header-meta":"","adv-header-id-meta":"","stick-header-meta":"","header-above-stick-meta":"","header-main-stick-meta":"","header-below-stick-meta":"","astra-migrate-meta-layouts":"default","ast-page-background-enabled":"default","ast-page-background-meta":{"desktop":{"background-color":"var(--ast-global-color-4)","background-image":"","background-repeat":"repeat","background-position":"center center","background-size":"auto","background-attachment":"scroll","background-type":"","background-media":"","overlay-type":"","overlay-color":"","overlay-opacity":"","overlay-gradient":""},"tablet":{"background-color":"","background-image":"","background-repeat":"repeat","background-position":"center center","background-size":"auto","background-attachment":"scroll","background-type":"","background-media":"","overlay-type":"","overlay-color":"","overlay-opacity":"","overlay-gradient":""},"mobile":{"background-color":"","background-image":"","background-repeat":"repeat","background-position":"center center","background-size":"auto","background-attachment":"scroll","background-type":"","background-media":"","overlay-type":"","overlay-color":"","overlay-opacity":"","overlay-gradient":""}},"ast-content-background-meta":{"desktop":{"background-color":"var(--ast-global-color-5)","background-image":"","background-repeat":"repeat","background-position":"center center","background-size":"auto","background-attachment":"scroll","background-type":"","background-media":"","overlay-type":"","overlay-color":"","overlay-opacity":"","overlay-gradient":""},"tablet":{"background-color":"var(--ast-global-color-5)","background-image":"","background-repeat":"repeat","background-position":"center center","background-size":"auto","background-attachment":"scroll","background-type":"","background-media":"","overlay-type":"","overlay-color":"","overlay-opacity":"","overlay-gradient":""},"mobile":{"background-color":"var(--ast-global-color-5)","background-image":"","background-repeat":"repeat","background-position":"center center","background-size":"auto","background-attachment":"scroll","background-type":"","background-media":"","overlay-type":"","overlay-color":"","overlay-opacity":"","overlay-gradient":""}},"footnotes":""},"class_list":["post-34","page","type-page","status-publish","hentry"],"yoast_head":"<!-- This site is optimized with the Yoast SEO plugin v23.5 - https:\/\/yoast.com\/wordpress\/plugins\/seo\/ -->\n<title>Notre Portfolio - WebSculptor<\/title>\n<meta name=\"robots\" content=\"index, follow, max-snippet:-1, max-image-preview:large, max-video-preview:-1\" \/>\n<link rel=\"canonical\" href=\"https:\/\/websculptor.desroches.me\/index.php\/portfolio\/\" \/>\n<meta property=\"og:locale\" content=\"en_US\" \/>\n<meta property=\"og:type\" content=\"article\" \/>\n<meta property=\"og:title\" content=\"Notre Portfolio - WebSculptor\" \/>\n<meta property=\"og:description\" content=\"D\u00e9couvrez quelques-uns de nos projets les plus r\u00e9ussis. Agence Marketing Description br\u00e8ve du projet 1. Voir le Projet Projet nature Description br\u00e8ve du projet 1. Voir le Projet Projet Description br\u00e8ve du projet 1. Voir le Projet Projet Description br\u00e8ve du projet 1. Voir le Projet Projet Description br\u00e8ve du projet 1. Voir le Projet [&hellip;]\" \/>\n<meta property=\"og:url\" content=\"https:\/\/websculptor.desroches.me\/index.php\/portfolio\/\" \/>\n<meta property=\"og:site_name\" content=\"WebSculptor\" \/>\n<meta property=\"article:modified_time\" content=\"2024-01-02T17:08:20+00:00\" \/>\n<meta property=\"og:image\" content=\"https:\/\/websculptor.desroches.me\/wp-content\/uploads\/2024\/01\/Capture-decran-2024-01-02-a-15.43.58-1-1024x588.png\" \/>\n<meta name=\"twitter:card\" content=\"summary_large_image\" \/>\n<script type=\"application\/ld+json\" class=\"yoast-schema-graph\">{\"@context\":\"https:\/\/schema.org\",\"@graph\":[{\"@type\":\"WebPage\",\"@id\":\"https:\/\/websculptor.desroches.me\/index.php\/portfolio\/\",\"url\":\"https:\/\/websculptor.desroches.me\/index.php\/portfolio\/\",\"name\":\"Notre Portfolio - WebSculptor\",\"isPartOf\":{\"@id\":\"https:\/\/websculptor.desroches.me\/#website\"},\"primaryImageOfPage\":{\"@id\":\"https:\/\/websculptor.desroches.me\/index.php\/portfolio\/#primaryimage\"},\"image\":{\"@id\":\"https:\/\/websculptor.desroches.me\/index.php\/portfolio\/#primaryimage\"},\"thumbnailUrl\":\"https:\/\/websculptor.desroches.me\/wp-content\/uploads\/2024\/01\/Capture-decran-2024-01-02-a-15.43.58-1-1024x588.png\",\"datePublished\":\"2024-01-02T16:33:38+00:00\",\"dateModified\":\"2024-01-02T17:08:20+00:00\",\"breadcrumb\":{\"@id\":\"https:\/\/websculptor.desroches.me\/index.php\/portfolio\/#breadcrumb\"},\"inLanguage\":\"en-US\",\"potentialAction\":[{\"@type\":\"ReadAction\",\"target\":[\"https:\/\/websculptor.desroches.me\/index.php\/portfolio\/\"]}]},{\"@type\":\"ImageObject\",\"inLanguage\":\"en-US\",\"@id\":\"https:\/\/websculptor.desroches.me\/index.php\/portfolio\/#primaryimage\",\"url\":\"\",\"contentUrl\":\"\"},{\"@type\":\"BreadcrumbList\",\"@id\":\"https:\/\/websculptor.desroches.me\/index.php\/portfolio\/#breadcrumb\",\"itemListElement\":[{\"@type\":\"ListItem\",\"position\":1,\"name\":\"Accueil\",\"item\":\"https:\/\/websculptor.desroches.me\/\"},{\"@type\":\"ListItem\",\"position\":2,\"name\":\"Notre Portfolio\"}]},{\"@type\":\"WebSite\",\"@id\":\"https:\/\/websculptor.desroches.me\/#website\",\"url\":\"https:\/\/websculptor.desroches.me\/\",\"name\":\"WebSculptor\",\"description\":\"\",\"publisher\":{\"@id\":\"https:\/\/websculptor.desroches.me\/#organization\"},\"potentialAction\":[{\"@type\":\"SearchAction\",\"target\":{\"@type\":\"EntryPoint\",\"urlTemplate\":\"https:\/\/websculptor.desroches.me\/?s={search_term_string}\"},\"query-input\":{\"@type\":\"PropertyValueSpecification\",\"valueRequired\":true,\"valueName\":\"search_term_string\"}}],\"inLanguage\":\"en-US\"},{\"@type\":\"Organization\",\"@id\":\"https:\/\/websculptor.desroches.me\/#organization\",\"name\":\"WebSculptor\",\"url\":\"https:\/\/websculptor.desroches.me\/\",\"logo\":{\"@type\":\"ImageObject\",\"inLanguage\":\"en-US\",\"@id\":\"https:\/\/websculptor.desroches.me\/#\/schema\/logo\/image\/\",\"url\":\"https:\/\/websculptor.desroches.me\/wp-content\/uploads\/2024\/01\/DALL_E_2024-01-02_12.44.50_-_Design_a_rectangular_logo_for_a_technology_and_data_analysis_company_named__Web_Sculptor_._The_logo_should_be_simple_yet_impactful__featuring_the_comp-removebg-preview.png\",\"contentUrl\":\"https:\/\/websculptor.desroches.me\/wp-content\/uploads\/2024\/01\/DALL_E_2024-01-02_12.44.50_-_Design_a_rectangular_logo_for_a_technology_and_data_analysis_company_named__Web_Sculptor_._The_logo_should_be_simple_yet_impactful__featuring_the_comp-removebg-preview.png\",\"width\":500,\"height\":500,\"caption\":\"WebSculptor\"},\"image\":{\"@id\":\"https:\/\/websculptor.desroches.me\/#\/schema\/logo\/image\/\"}}]}<\/script>\n<!-- \/ Yoast SEO plugin. -->","yoast_head_json":{"title":"Notre Portfolio - WebSculptor","robots":{"index":"index","follow":"follow","max-snippet":"max-snippet:-1","max-image-preview":"max-image-preview:large","max-video-preview":"max-video-preview:-1"},"canonical":"https:\/\/websculptor.desroches.me\/index.php\/portfolio\/","og_locale":"en_US","og_type":"article","og_title":"Notre Portfolio - WebSculptor","og_description":"D\u00e9couvrez quelques-uns de nos projets les plus r\u00e9ussis. Agence Marketing Description br\u00e8ve du projet 1. Voir le Projet Projet nature Description br\u00e8ve du projet 1. Voir le Projet Projet Description br\u00e8ve du projet 1. Voir le Projet Projet Description br\u00e8ve du projet 1. Voir le Projet Projet Description br\u00e8ve du projet 1. Voir le Projet [&hellip;]","og_url":"https:\/\/websculptor.desroches.me\/index.php\/portfolio\/","og_site_name":"WebSculptor","article_modified_time":"2024-01-02T17:08:20+00:00","og_image":[{"url":"https:\/\/websculptor.desroches.me\/wp-content\/uploads\/2024\/01\/Capture-decran-2024-01-02-a-15.43.58-1-1024x588.png"}],"twitter_card":"summary_large_image","schema":{"@context":"https:\/\/schema.org","@graph":[{"@type":"WebPage","@id":"https:\/\/websculptor.desroches.me\/index.php\/portfolio\/","url":"https:\/\/websculptor.desroches.me\/index.php\/portfolio\/","name":"Notre Portfolio - WebSculptor","isPartOf":{"@id":"https:\/\/websculptor.desroches.me\/#website"},"primaryImageOfPage":{"@id":"https:\/\/websculptor.desroches.me\/index.php\/portfolio\/#primaryimage"},"image":{"@id":"https:\/\/websculptor.desroches.me\/index.php\/portfolio\/#primaryimage"},"thumbnailUrl":"https:\/\/websculptor.desroches.me\/wp-content\/uploads\/2024\/01\/Capture-decran-2024-01-02-a-15.43.58-1-1024x588.png","datePublished":"2024-01-02T16:33:38+00:00","dateModified":"2024-01-02T17:08:20+00:00","breadcrumb":{"@id":"https:\/\/websculptor.desroches.me\/index.php\/portfolio\/#breadcrumb"},"inLanguage":"en-US","potentialAction":[{"@type":"ReadAction","target":["https:\/\/websculptor.desroches.me\/index.php\/portfolio\/"]}]},{"@type":"ImageObject","inLanguage":"en-US","@id":"https:\/\/websculptor.desroches.me\/index.php\/portfolio\/#primaryimage","url":"","contentUrl":""},{"@type":"BreadcrumbList","@id":"https:\/\/websculptor.desroches.me\/index.php\/portfolio\/#breadcrumb","itemListElement":[{"@type":"ListItem","position":1,"name":"Accueil","item":"https:\/\/websculptor.desroches.me\/"},{"@type":"ListItem","position":2,"name":"Notre Portfolio"}]},{"@type":"WebSite","@id":"https:\/\/websculptor.desroches.me\/#website","url":"https:\/\/websculptor.desroches.me\/","name":"WebSculptor","description":"","publisher":{"@id":"https:\/\/websculptor.desroches.me\/#organization"},"potentialAction":[{"@type":"SearchAction","target":{"@type":"EntryPoint","urlTemplate":"https:\/\/websculptor.desroches.me\/?s={search_term_string}"},"query-input":{"@type":"PropertyValueSpecification","valueRequired":true,"valueName":"search_term_string"}}],"inLanguage":"en-US"},{"@type":"Organization","@id":"https:\/\/websculptor.desroches.me\/#organization","name":"WebSculptor","url":"https:\/\/websculptor.desroches.me\/","logo":{"@type":"ImageObject","inLanguage":"en-US","@id":"https:\/\/websculptor.desroches.me\/#\/schema\/logo\/image\/","url":"https:\/\/websculptor.desroches.me\/wp-content\/uploads\/2024\/01\/DALL_E_2024-01-02_12.44.50_-_Design_a_rectangular_logo_for_a_technology_and_data_analysis_company_named__Web_Sculptor_._The_logo_should_be_simple_yet_impactful__featuring_the_comp-removebg-preview.png","contentUrl":"https:\/\/websculptor.desroches.me\/wp-content\/uploads\/2024\/01\/DALL_E_2024-01-02_12.44.50_-_Design_a_rectangular_logo_for_a_technology_and_data_analysis_company_named__Web_Sculptor_._The_logo_should_be_simple_yet_impactful__featuring_the_comp-removebg-preview.png","width":500,"height":500,"caption":"WebSculptor"},"image":{"@id":"https:\/\/websculptor.desroches.me\/#\/schema\/logo\/image\/"}}]}},"_hostinger_reach_plugin_has_subscription_block":false,"_hostinger_reach_plugin_is_elementor":false,"_links":{"self":[{"href":"https:\/\/websculptor.desroches.me\/index.php\/wp-json\/wp\/v2\/pages\/34","targetHints":{"allow":["GET"]}}],"collection":[{"href":"https:\/\/websculptor.desroches.me\/index.php\/wp-json\/wp\/v2\/pages"}],"about":[{"href":"https:\/\/websculptor.desroches.me\/index.php\/wp-json\/wp\/v2\/types\/page"}],"author":[{"embeddable":true,"href":"https:\/\/websculptor.desroches.me\/index.php\/wp-json\/wp\/v2\/users\/1"}],"replies":[{"embeddable":true,"href":"https:\/\/websculptor.desroches.me\/index.php\/wp-json\/wp\/v2\/comments?post=34"}],"version-history":[{"count":5,"href":"https:\/\/websculptor.desroches.me\/index.php\/wp-json\/wp\/v2\/pages\/34\/revisions"}],"predecessor-version":[{"id":75,"href":"https:\/\/websculptor.desroches.me\/index.php\/wp-json\/wp\/v2\/pages\/34\/revisions\/75"}],"wp:attachment":[{"href":"https:\/\/websculptor.desroches.me\/index.php\/wp-json\/wp\/v2\/media?parent=34"}],"curies":[{"name":"wp","href":"https:\/\/api.w.org\/{rel}","templated":true}]}}