{"id":30,"date":"2024-01-02T17:33:04","date_gmt":"2024-01-02T16:33:04","guid":{"rendered":"https:\/\/websculptor.desroches.me\/?page_id=30"},"modified":"2024-01-02T17:33:04","modified_gmt":"2024-01-02T16:33:04","slug":"intelligence-des-donnees-avec-powerbi","status":"publish","type":"page","link":"https:\/\/websculptor.desroches.me\/index.php\/intelligence-des-donnees-avec-powerbi\/","title":{"rendered":"Intelligence des Donn\u00e9es avec PowerBI"},"content":{"rendered":"<div class=\"service-section\">\n<h2>R\u00e9v\u00e9lez le Pouvoir de Vos Donn\u00e9es avec PowerBI<\/h2>\n<p>Dans le monde des affaires d&#8217;aujourd&#8217;hui, les donn\u00e9es sont une mine d&#8217;or d&#8217;informations. Chez Web Sculptor, nous vous aidons \u00e0 exploiter cette richesse gr\u00e2ce \u00e0 notre expertise en PowerBI.<\/p>\n<h3>Nos Services :<\/h3>\n<ul>\n<li><strong>Analyses Avanc\u00e9es :<\/strong> Transformation des donn\u00e9es brutes en insights pr\u00e9cieux.<\/li>\n<li><strong>Tableaux de Bord Personnalis\u00e9s :<\/strong> Visualisations interactives et tableaux de bord sur mesure.<\/li>\n<li><strong>Reporting Intelligent :<\/strong> Solutions de reporting pour suivre les indicateurs cl\u00e9s.<\/li>\n<\/ul>\n<p>Votre Avantage : Avec Web Sculptor, transformez les donn\u00e9es en une ressource strat\u00e9gique et gagnez un avantage concurrentiel dans votre secteur.<\/p>\n<\/div>\n","protected":false},"excerpt":{"rendered":"<p>R\u00e9v\u00e9lez le Pouvoir de Vos Donn\u00e9es avec PowerBI Dans le monde des affaires d&#8217;aujourd&#8217;hui, les donn\u00e9es sont une mine d&#8217;or d&#8217;informations. Chez Web Sculptor, nous vous aidons \u00e0 exploiter cette richesse gr\u00e2ce \u00e0 notre expertise en PowerBI. Nos Services : Analyses Avanc\u00e9es : Transformation des donn\u00e9es brutes en insights pr\u00e9cieux. Tableaux de Bord Personnalis\u00e9s : [&hellip;]<\/p>\n","protected":false},"author":1,"featured_media":0,"parent":0,"menu_order":0,"comment_status":"closed","ping_status":"closed","template":"","meta":{"site-sidebar-layout":"default","site-content-layout":"","ast-site-content-layout":"default","site-content-style":"default","site-sidebar-style":"default","ast-global-header-display":"","ast-banner-title-visibility":"","ast-main-header-display":"","ast-hfb-above-header-display":"","ast-hfb-below-header-display":"","ast-hfb-mobile-header-display":"","site-post-title":"","ast-breadcrumbs-content":"","ast-featured-img":"","footer-sml-layout":"","ast-disable-related-posts":"","theme-transparent-header-meta":"","adv-header-id-meta":"","stick-header-meta":"","header-above-stick-meta":"","header-main-stick-meta":"","header-below-stick-meta":"","astra-migrate-meta-layouts":"default","ast-page-background-enabled":"default","ast-page-background-meta":{"desktop":{"background-color":"var(--ast-global-color-4)","background-image":"","background-repeat":"repeat","background-position":"center center","background-size":"auto","background-attachment":"scroll","background-type":"","background-media":"","overlay-type":"","overlay-color":"","overlay-opacity":"","overlay-gradient":""},"tablet":{"background-color":"","background-image":"","background-repeat":"repeat","background-position":"center center","background-size":"auto","background-attachment":"scroll","background-type":"","background-media":"","overlay-type":"","overlay-color":"","overlay-opacity":"","overlay-gradient":""},"mobile":{"background-color":"","background-image":"","background-repeat":"repeat","background-position":"center center","background-size":"auto","background-attachment":"scroll","background-type":"","background-media":"","overlay-type":"","overlay-color":"","overlay-opacity":"","overlay-gradient":""}},"ast-content-background-meta":{"desktop":{"background-color":"var(--ast-global-color-5)","background-image":"","background-repeat":"repeat","background-position":"center center","background-size":"auto","background-attachment":"scroll","background-type":"","background-media":"","overlay-type":"","overlay-color":"","overlay-opacity":"","overlay-gradient":""},"tablet":{"background-color":"var(--ast-global-color-5)","background-image":"","background-repeat":"repeat","background-position":"center center","background-size":"auto","background-attachment":"scroll","background-type":"","background-media":"","overlay-type":"","overlay-color":"","overlay-opacity":"","overlay-gradient":""},"mobile":{"background-color":"var(--ast-global-color-5)","background-image":"","background-repeat":"repeat","background-position":"center center","background-size":"auto","background-attachment":"scroll","background-type":"","background-media":"","overlay-type":"","overlay-color":"","overlay-opacity":"","overlay-gradient":""}},"footnotes":""},"class_list":["post-30","page","type-page","status-publish","hentry"],"yoast_head":"<!-- This site is optimized with the Yoast SEO plugin v23.5 - https:\/\/yoast.com\/wordpress\/plugins\/seo\/ -->\n<title>Intelligence des Donn\u00e9es avec PowerBI - WebSculptor<\/title>\n<meta name=\"robots\" content=\"index, follow, max-snippet:-1, max-image-preview:large, max-video-preview:-1\" \/>\n<link rel=\"canonical\" href=\"https:\/\/websculptor.desroches.me\/index.php\/intelligence-des-donnees-avec-powerbi\/\" \/>\n<meta property=\"og:locale\" content=\"en_US\" \/>\n<meta property=\"og:type\" content=\"article\" \/>\n<meta property=\"og:title\" content=\"Intelligence des Donn\u00e9es avec PowerBI - WebSculptor\" \/>\n<meta property=\"og:description\" content=\"R\u00e9v\u00e9lez le Pouvoir de Vos Donn\u00e9es avec PowerBI Dans le monde des affaires d&#8217;aujourd&#8217;hui, les donn\u00e9es sont une mine d&#8217;or d&#8217;informations. Chez Web Sculptor, nous vous aidons \u00e0 exploiter cette richesse gr\u00e2ce \u00e0 notre expertise en PowerBI. Nos Services : Analyses Avanc\u00e9es : Transformation des donn\u00e9es brutes en insights pr\u00e9cieux. Tableaux de Bord Personnalis\u00e9s : [&hellip;]\" \/>\n<meta property=\"og:url\" content=\"https:\/\/websculptor.desroches.me\/index.php\/intelligence-des-donnees-avec-powerbi\/\" \/>\n<meta property=\"og:site_name\" content=\"WebSculptor\" \/>\n<meta name=\"twitter:card\" content=\"summary_large_image\" \/>\n<meta name=\"twitter:label1\" content=\"Est. reading time\" \/>\n\t<meta name=\"twitter:data1\" content=\"1 minute\" \/>\n<script type=\"application\/ld+json\" class=\"yoast-schema-graph\">{\"@context\":\"https:\/\/schema.org\",\"@graph\":[{\"@type\":\"WebPage\",\"@id\":\"https:\/\/websculptor.desroches.me\/index.php\/intelligence-des-donnees-avec-powerbi\/\",\"url\":\"https:\/\/websculptor.desroches.me\/index.php\/intelligence-des-donnees-avec-powerbi\/\",\"name\":\"Intelligence des Donn\u00e9es avec PowerBI - WebSculptor\",\"isPartOf\":{\"@id\":\"https:\/\/websculptor.desroches.me\/#website\"},\"datePublished\":\"2024-01-02T16:33:04+00:00\",\"dateModified\":\"2024-01-02T16:33:04+00:00\",\"breadcrumb\":{\"@id\":\"https:\/\/websculptor.desroches.me\/index.php\/intelligence-des-donnees-avec-powerbi\/#breadcrumb\"},\"inLanguage\":\"en-US\",\"potentialAction\":[{\"@type\":\"ReadAction\",\"target\":[\"https:\/\/websculptor.desroches.me\/index.php\/intelligence-des-donnees-avec-powerbi\/\"]}]},{\"@type\":\"BreadcrumbList\",\"@id\":\"https:\/\/websculptor.desroches.me\/index.php\/intelligence-des-donnees-avec-powerbi\/#breadcrumb\",\"itemListElement\":[{\"@type\":\"ListItem\",\"position\":1,\"name\":\"Accueil\",\"item\":\"https:\/\/websculptor.desroches.me\/\"},{\"@type\":\"ListItem\",\"position\":2,\"name\":\"Intelligence des Donn\u00e9es avec PowerBI\"}]},{\"@type\":\"WebSite\",\"@id\":\"https:\/\/websculptor.desroches.me\/#website\",\"url\":\"https:\/\/websculptor.desroches.me\/\",\"name\":\"WebSculptor\",\"description\":\"\",\"publisher\":{\"@id\":\"https:\/\/websculptor.desroches.me\/#organization\"},\"potentialAction\":[{\"@type\":\"SearchAction\",\"target\":{\"@type\":\"EntryPoint\",\"urlTemplate\":\"https:\/\/websculptor.desroches.me\/?s={search_term_string}\"},\"query-input\":{\"@type\":\"PropertyValueSpecification\",\"valueRequired\":true,\"valueName\":\"search_term_string\"}}],\"inLanguage\":\"en-US\"},{\"@type\":\"Organization\",\"@id\":\"https:\/\/websculptor.desroches.me\/#organization\",\"name\":\"WebSculptor\",\"url\":\"https:\/\/websculptor.desroches.me\/\",\"logo\":{\"@type\":\"ImageObject\",\"inLanguage\":\"en-US\",\"@id\":\"https:\/\/websculptor.desroches.me\/#\/schema\/logo\/image\/\",\"url\":\"https:\/\/websculptor.desroches.me\/wp-content\/uploads\/2024\/01\/DALL_E_2024-01-02_12.44.50_-_Design_a_rectangular_logo_for_a_technology_and_data_analysis_company_named__Web_Sculptor_._The_logo_should_be_simple_yet_impactful__featuring_the_comp-removebg-preview.png\",\"contentUrl\":\"https:\/\/websculptor.desroches.me\/wp-content\/uploads\/2024\/01\/DALL_E_2024-01-02_12.44.50_-_Design_a_rectangular_logo_for_a_technology_and_data_analysis_company_named__Web_Sculptor_._The_logo_should_be_simple_yet_impactful__featuring_the_comp-removebg-preview.png\",\"width\":500,\"height\":500,\"caption\":\"WebSculptor\"},\"image\":{\"@id\":\"https:\/\/websculptor.desroches.me\/#\/schema\/logo\/image\/\"}}]}<\/script>\n<!-- \/ Yoast SEO plugin. -->","yoast_head_json":{"title":"Intelligence des Donn\u00e9es avec PowerBI - WebSculptor","robots":{"index":"index","follow":"follow","max-snippet":"max-snippet:-1","max-image-preview":"max-image-preview:large","max-video-preview":"max-video-preview:-1"},"canonical":"https:\/\/websculptor.desroches.me\/index.php\/intelligence-des-donnees-avec-powerbi\/","og_locale":"en_US","og_type":"article","og_title":"Intelligence des Donn\u00e9es avec PowerBI - WebSculptor","og_description":"R\u00e9v\u00e9lez le Pouvoir de Vos Donn\u00e9es avec PowerBI Dans le monde des affaires d&#8217;aujourd&#8217;hui, les donn\u00e9es sont une mine d&#8217;or d&#8217;informations. Chez Web Sculptor, nous vous aidons \u00e0 exploiter cette richesse gr\u00e2ce \u00e0 notre expertise en PowerBI. Nos Services : Analyses Avanc\u00e9es : Transformation des donn\u00e9es brutes en insights pr\u00e9cieux. Tableaux de Bord Personnalis\u00e9s : [&hellip;]","og_url":"https:\/\/websculptor.desroches.me\/index.php\/intelligence-des-donnees-avec-powerbi\/","og_site_name":"WebSculptor","twitter_card":"summary_large_image","twitter_misc":{"Est. reading time":"1 minute"},"schema":{"@context":"https:\/\/schema.org","@graph":[{"@type":"WebPage","@id":"https:\/\/websculptor.desroches.me\/index.php\/intelligence-des-donnees-avec-powerbi\/","url":"https:\/\/websculptor.desroches.me\/index.php\/intelligence-des-donnees-avec-powerbi\/","name":"Intelligence des Donn\u00e9es avec PowerBI - WebSculptor","isPartOf":{"@id":"https:\/\/websculptor.desroches.me\/#website"},"datePublished":"2024-01-02T16:33:04+00:00","dateModified":"2024-01-02T16:33:04+00:00","breadcrumb":{"@id":"https:\/\/websculptor.desroches.me\/index.php\/intelligence-des-donnees-avec-powerbi\/#breadcrumb"},"inLanguage":"en-US","potentialAction":[{"@type":"ReadAction","target":["https:\/\/websculptor.desroches.me\/index.php\/intelligence-des-donnees-avec-powerbi\/"]}]},{"@type":"BreadcrumbList","@id":"https:\/\/websculptor.desroches.me\/index.php\/intelligence-des-donnees-avec-powerbi\/#breadcrumb","itemListElement":[{"@type":"ListItem","position":1,"name":"Accueil","item":"https:\/\/websculptor.desroches.me\/"},{"@type":"ListItem","position":2,"name":"Intelligence des Donn\u00e9es avec PowerBI"}]},{"@type":"WebSite","@id":"https:\/\/websculptor.desroches.me\/#website","url":"https:\/\/websculptor.desroches.me\/","name":"WebSculptor","description":"","publisher":{"@id":"https:\/\/websculptor.desroches.me\/#organization"},"potentialAction":[{"@type":"SearchAction","target":{"@type":"EntryPoint","urlTemplate":"https:\/\/websculptor.desroches.me\/?s={search_term_string}"},"query-input":{"@type":"PropertyValueSpecification","valueRequired":true,"valueName":"search_term_string"}}],"inLanguage":"en-US"},{"@type":"Organization","@id":"https:\/\/websculptor.desroches.me\/#organization","name":"WebSculptor","url":"https:\/\/websculptor.desroches.me\/","logo":{"@type":"ImageObject","inLanguage":"en-US","@id":"https:\/\/websculptor.desroches.me\/#\/schema\/logo\/image\/","url":"https:\/\/websculptor.desroches.me\/wp-content\/uploads\/2024\/01\/DALL_E_2024-01-02_12.44.50_-_Design_a_rectangular_logo_for_a_technology_and_data_analysis_company_named__Web_Sculptor_._The_logo_should_be_simple_yet_impactful__featuring_the_comp-removebg-preview.png","contentUrl":"https:\/\/websculptor.desroches.me\/wp-content\/uploads\/2024\/01\/DALL_E_2024-01-02_12.44.50_-_Design_a_rectangular_logo_for_a_technology_and_data_analysis_company_named__Web_Sculptor_._The_logo_should_be_simple_yet_impactful__featuring_the_comp-removebg-preview.png","width":500,"height":500,"caption":"WebSculptor"},"image":{"@id":"https:\/\/websculptor.desroches.me\/#\/schema\/logo\/image\/"}}]}},"_hostinger_reach_plugin_has_subscription_block":false,"_hostinger_reach_plugin_is_elementor":false,"_links":{"self":[{"href":"https:\/\/websculptor.desroches.me\/index.php\/wp-json\/wp\/v2\/pages\/30","targetHints":{"allow":["GET"]}}],"collection":[{"href":"https:\/\/websculptor.desroches.me\/index.php\/wp-json\/wp\/v2\/pages"}],"about":[{"href":"https:\/\/websculptor.desroches.me\/index.php\/wp-json\/wp\/v2\/types\/page"}],"author":[{"embeddable":true,"href":"https:\/\/websculptor.desroches.me\/index.php\/wp-json\/wp\/v2\/users\/1"}],"replies":[{"embeddable":true,"href":"https:\/\/websculptor.desroches.me\/index.php\/wp-json\/wp\/v2\/comments?post=30"}],"version-history":[{"count":1,"href":"https:\/\/websculptor.desroches.me\/index.php\/wp-json\/wp\/v2\/pages\/30\/revisions"}],"predecessor-version":[{"id":31,"href":"https:\/\/websculptor.desroches.me\/index.php\/wp-json\/wp\/v2\/pages\/30\/revisions\/31"}],"wp:attachment":[{"href":"https:\/\/websculptor.desroches.me\/index.php\/wp-json\/wp\/v2\/media?parent=30"}],"curies":[{"name":"wp","href":"https:\/\/api.w.org\/{rel}","templated":true}]}}